{"id":513,"date":"2024-08-21T13:00:54","date_gmt":"2024-08-21T13:00:54","guid":{"rendered":"http:\/\/aesthetic-med.de\/?page_id=513"},"modified":"2025-10-05T12:24:23","modified_gmt":"2025-10-05T12:24:23","slug":"impressum","status":"publish","type":"page","link":"https:\/\/www.aesthetic-med.de\/impressum\/","title":{"rendered":"IMPRESSUM"},"content":{"rendered":"\n<p class=\"has-text-align-center\"><strong>IMPRESSUM AESTHETIC-MED.DE<\/strong><\/p>\n\n\n\n<p><strong>AESTHETIC-MED.DE<\/strong><\/p>\n\n\n\n<p>Dieses Impressum gilt f\u00fcr alle Angebote unter der Domain www.AESTHETIC-MED.de inklusive aller<br>Subdomains (Unterseiten).<\/p>\n\n\n\n<p><strong>Angaben gem\u00e4\u00df \u00a7 5 DDG<\/strong><\/p>\n\n\n\n<p>Reza Vossough, MA Consultant<br>Grunewaldstra\u00dfe 23<br>10823 Berlin<br>Tel.: +49 (0)30 2123 2986<br>Fax: +49 (0)30 2123 2987<br>E-Mail: info@aesthetic-med.de<br>WhatsApp: +48 666 468 593<\/p>\n\n\n\n<p><strong>Webdesign<\/strong><\/p>\n\n\n\n<p class=\"has-text-color has-link-color wp-elements-aecbd902912cfefe278b1083a020330e\" style=\"color:#dfa321\">IT Duo \u2013 Ibragimov &amp; Krupa GbR<br>Am M\u00fchlsteingrund 2<br>21493 Schwarzenbek<br>www.itduo.de<br>info@itduo.de<br>+49 (0) 152 38835400<\/p>\n\n\n\n<p><strong>Vertretungsberechtigter Gesellschafter und Verantwortlicher nach i.S.v. \u00a7 55 RStV:<br><\/strong>Reza Vossough, MA Consultant<\/p>\n\n\n\n<p><br>Plattform der EU-Kommission zur Online-Streitbeilegung:<br>https:\/\/ec.europa.eu\/odr<\/p>\n\n\n\n<p><br>Wir sind zur Teilnahme an einem Streitbeilegungsverfahren vor einer Verbraucherschlichtungsstelle weder<br>verpflichtet noch bereit.<\/p>\n\n\n\n<p><strong>Hinweise zum Urheberrecht<\/strong><\/p>\n\n\n\n<p>Die Nutzung unserer Webseiteninhalte (Fotos, Texte, Grafiken etc.), insbesondere die Vervielf\u00e4ltigung,<br>Verbreitung oder \u00f6dentliche Zug\u00e4nglichmachung, ist grunds\u00e4tzlich nur mit vorheriger schriftlicher<br>Zustimmung erlaubt, sofern sich aus dem UrhG nichts anderes ergibt. F\u00fcr den Erwerb einer<br>Nutzungserlaubnis wenden Sie sich bitte an die Gesch\u00e4ftsf\u00fchrung.<\/p>\n","protected":false},"excerpt":{"rendered":"<p>IMPRESSUM AESTHETIC-MED.DE AESTHETIC-MED.DE Dieses Impressum gilt f\u00fcr alle Angebote unter der Domain www.AESTHETIC-MED.de inklusive allerSubdomains (Unterseiten). Angaben gem\u00e4\u00df \u00a7 5 DDG Reza Vossough, MA ConsultantGrunewaldstra\u00dfe 2310823 BerlinTel.: +49 (0)30 2123 2986Fax: +49 (0)30 2123 2987E-Mail: info@aesthetic-med.deWhatsApp: +48 666 468 593 Webdesign IT Duo \u2013 Ibragimov &amp; Krupa GbRAm M\u00fchlsteingrund 221493 Schwarzenbekwww.itduo.deinfo@itduo.de+49 (0) 152 38835400 Vertretungsberechtigter &#8230; <a title=\"IMPRESSUM\" class=\"read-more\" href=\"https:\/\/www.aesthetic-med.de\/impressum\/\" aria-label=\"Mehr Informationen \u00fcber IMPRESSUM\">Weiterlesen<\/a><\/p>\n","protected":false},"author":1,"featured_media":0,"parent":0,"menu_order":0,"comment_status":"closed","ping_status":"closed","template":"","meta":{"_acf_changed":false,"footnotes":""},"class_list":["post-513","page","type-page","status-publish"],"acf":[],"_links":{"self":[{"href":"https:\/\/www.aesthetic-med.de\/wp-json\/wp\/v2\/pages\/513"}],"collection":[{"href":"https:\/\/www.aesthetic-med.de\/wp-json\/wp\/v2\/pages"}],"about":[{"href":"https:\/\/www.aesthetic-med.de\/wp-json\/wp\/v2\/types\/page"}],"author":[{"embeddable":true,"href":"https:\/\/www.aesthetic-med.de\/wp-json\/wp\/v2\/users\/1"}],"replies":[{"embeddable":true,"href":"https:\/\/www.aesthetic-med.de\/wp-json\/wp\/v2\/comments?post=513"}],"version-history":[{"count":4,"href":"https:\/\/www.aesthetic-med.de\/wp-json\/wp\/v2\/pages\/513\/revisions"}],"predecessor-version":[{"id":633,"href":"https:\/\/www.aesthetic-med.de\/wp-json\/wp\/v2\/pages\/513\/revisions\/633"}],"wp:attachment":[{"href":"https:\/\/www.aesthetic-med.de\/wp-json\/wp\/v2\/media?parent=513"}],"curies":[{"name":"wp","href":"https:\/\/api.w.org\/{rel}","templated":true}]}}