{"id":10,"date":"2024-07-18T20:55:15","date_gmt":"2024-07-18T20:55:15","guid":{"rendered":"http:\/\/aesthetic-med.de\/?page_id=10"},"modified":"2026-03-19T19:21:22","modified_gmt":"2026-03-19T19:21:22","slug":"willkommen","status":"publish","type":"page","link":"https:\/\/www.aesthetic-med.de\/","title":{"rendered":"WILLKOMMEN"},"content":{"rendered":"\n<div class=\"wp-block-eds-animate-it-block eds-animate-block-save\"><div class=\"eds-animate animated edsanimate-sis-hidden  \" data-eds-entry-animation=\"fadeInLeft\" data-eds-entry-delay=\"0\" data-eds-entry-duration=\"0.5\" data-eds-entry-timing=\"linear\" data-eds-exit-animation=\"\" data-eds-exit-delay=\"0\" data-eds-exit-duration=\"0.5\" data-eds-exit-timing=\"linear\" data-eds-repeat-count=\"1\" data-eds-keep=\"yes\" data-eds-animate-on=\"load\" data-eds-scroll-offset=\"\">\n<h1 class=\"wp-block-heading has-text-align-center has-text-color has-link-color wp-elements-3432b904cdb874e2624f4be962607a30\" style=\"color:#082454\">Willkommen beim Aesthetic Med Service<\/h1>\n<\/div><\/div>\n\n\n\n<div class=\"wp-block-eds-animate-it-block eds-animate-block-save\"><div class=\"eds-animate animated edsanimate-sis-hidden  \" data-eds-entry-animation=\"slideInLeft\" data-eds-entry-delay=\"0\" data-eds-entry-duration=\"0.5\" data-eds-entry-timing=\"linear\" data-eds-exit-animation=\"\" data-eds-exit-delay=\"0\" data-eds-exit-duration=\"0.5\" data-eds-exit-timing=\"linear\" data-eds-repeat-count=\"1\" data-eds-keep=\"yes\" data-eds-animate-on=\"load\" data-eds-scroll-offset=\"\">\n<p class=\"has-text-align-center\" style=\"font-style:normal;font-weight:500\"><br>Herzlich Willkommen beim \u201eAesthetic Med Service\u201c, Ihrem Partner des Privaten Zentrum f\u00fcr<br>plastische Chirurgie in Stettin, der \u201eAesthetic Med\u201c. Sch\u00f6n dass Sie den Weg zu uns gefunden haben.<\/p>\n<\/div><\/div>\n\n\n\n<div class=\"wp-block-eds-animate-it-block eds-animate-block-save\"><div class=\"eds-animate animated edsanimate-sis-hidden  \" data-eds-entry-animation=\"slideInRight\" data-eds-entry-delay=\"0\" data-eds-entry-duration=\"0.5\" data-eds-entry-timing=\"linear\" data-eds-exit-animation=\"\" data-eds-exit-delay=\"0\" data-eds-exit-duration=\"0.5\" data-eds-exit-timing=\"linear\" data-eds-repeat-count=\"1\" data-eds-keep=\"yes\" data-eds-animate-on=\"load\" data-eds-scroll-offset=\"\">\n<p class=\"has-text-align-center\" style=\"font-style:normal;font-weight:500\"><br>Sch\u00f6nheit und attraktives Aussehen sind in jedem Lebensabschnitt Ausdruck innerer Vitalit\u00e4t und<br>Jugendlichkeit. Aesthetische und kosmetische Chirurgie bedeuten viel viel mehr als nur die<br>Beseitigung von k\u00f6rperlichen Unregelm\u00e4\u00dfigkeiten und kleinen Sch\u00f6nheitsfehlern.<\/p>\n<\/div><\/div>\n\n\n\n<div class=\"wp-block-eds-animate-it-block eds-animate-block-save\"><div class=\"eds-animate animated edsanimate-sis-hidden  \" data-eds-entry-animation=\"slideInRight\" data-eds-entry-delay=\"0\" data-eds-entry-duration=\"0.5\" data-eds-entry-timing=\"linear\" data-eds-exit-animation=\"\" data-eds-exit-delay=\"0\" data-eds-exit-duration=\"0.5\" data-eds-exit-timing=\"linear\" data-eds-repeat-count=\"1\" data-eds-keep=\"yes\" data-eds-animate-on=\"load\" data-eds-scroll-offset=\"\">\n<p class=\"has-text-align-center\" style=\"font-style:normal;font-weight:500\"><br>Sie kann Menschen zu neuem Selbstbewusstsein verhelfen und die Balance zwischen K\u00f6rper, Geist<br>und Seele herstellen, um sich im eigenen K\u00f6rper wohlzuf\u00fchlen. Ein gutes Aussehen kann der<br>Schl\u00fcssel zum Erfolg sowohl im Berufs- als auch im Privatleben sein. In wenigen Stunden und<br>g\u00fcnstiger als Sie es vermuten, kann ein erfahrenes OP-Team mit spezieller Ausbildung Ihr Leben<br>positiv ver\u00e4ndern.<\/p>\n\n\n<div class=\"wp-block-image\">\n<figure class=\"aligncenter size-large\"><img loading=\"lazy\" decoding=\"async\" width=\"1024\" height=\"681\" src=\"http:\/\/aesthetic-med.de\/wp-content\/uploads\/2024\/08\/04-AeMeBerlinArZi06_2-1024x681.jpg\" alt=\"\" class=\"wp-image-93\" srcset=\"https:\/\/www.aesthetic-med.de\/wp-content\/uploads\/2024\/08\/04-AeMeBerlinArZi06_2-1024x681.jpg 1024w, https:\/\/www.aesthetic-med.de\/wp-content\/uploads\/2024\/08\/04-AeMeBerlinArZi06_2-300x200.jpg 300w, https:\/\/www.aesthetic-med.de\/wp-content\/uploads\/2024\/08\/04-AeMeBerlinArZi06_2-768x511.jpg 768w, https:\/\/www.aesthetic-med.de\/wp-content\/uploads\/2024\/08\/04-AeMeBerlinArZi06_2-1536x1022.jpg 1536w, https:\/\/www.aesthetic-med.de\/wp-content\/uploads\/2024\/08\/04-AeMeBerlinArZi06_2-2048x1363.jpg 2048w\" sizes=\"(max-width: 1024px) 100vw, 1024px\" \/><\/figure><\/div><\/div><\/div>\n\n\n\n<div class=\"wp-block-eds-animate-it-block eds-animate-block-save\"><div class=\"eds-animate animated edsanimate-sis-hidden  \" data-eds-entry-animation=\"slideInRight\" data-eds-entry-delay=\"0.5\" data-eds-entry-duration=\"0.5\" data-eds-entry-timing=\"linear\" data-eds-exit-animation=\"\" data-eds-exit-delay=\"0\" data-eds-exit-duration=\"0.5\" data-eds-exit-timing=\"linear\" data-eds-repeat-count=\"1\" data-eds-keep=\"yes\" data-eds-animate-on=\"load\" data-eds-scroll-offset=\"\"><\/div><\/div>\n","protected":false},"excerpt":{"rendered":"","protected":false},"author":1,"featured_media":0,"parent":0,"menu_order":0,"comment_status":"closed","ping_status":"closed","template":"","meta":{"_acf_changed":false,"footnotes":""},"class_list":["post-10","page","type-page","status-publish"],"acf":[],"_links":{"self":[{"href":"https:\/\/www.aesthetic-med.de\/wp-json\/wp\/v2\/pages\/10"}],"collection":[{"href":"https:\/\/www.aesthetic-med.de\/wp-json\/wp\/v2\/pages"}],"about":[{"href":"https:\/\/www.aesthetic-med.de\/wp-json\/wp\/v2\/types\/page"}],"author":[{"embeddable":true,"href":"https:\/\/www.aesthetic-med.de\/wp-json\/wp\/v2\/users\/1"}],"replies":[{"embeddable":true,"href":"https:\/\/www.aesthetic-med.de\/wp-json\/wp\/v2\/comments?post=10"}],"version-history":[{"count":53,"href":"https:\/\/www.aesthetic-med.de\/wp-json\/wp\/v2\/pages\/10\/revisions"}],"predecessor-version":[{"id":638,"href":"https:\/\/www.aesthetic-med.de\/wp-json\/wp\/v2\/pages\/10\/revisions\/638"}],"wp:attachment":[{"href":"https:\/\/www.aesthetic-med.de\/wp-json\/wp\/v2\/media?parent=10"}],"curies":[{"name":"wp","href":"https:\/\/api.w.org\/{rel}","templated":true}]}}